{"id":1945,"date":"2015-11-17T05:09:58","date_gmt":"2015-11-17T05:09:58","guid":{"rendered":"https:\/\/pre.newportlogistic.es\/contacto\/"},"modified":"2023-01-18T20:40:56","modified_gmt":"2023-01-18T20:40:56","slug":"contact","status":"publish","type":"page","link":"https:\/\/pre.newportlogistic.es\/en\/contact\/","title":{"rendered":"Contact"},"content":{"rendered":"<section class=\"wpb-content-wrapper\"><p>[vc_row full_width=&#8221;stretch_row&#8221; equal_height=&#8221;yes&#8221; css=&#8221;.vc_custom_1636920880440{margin-bottom: 0px !important;padding-top: 20px !important;}&#8221;][vc_column offset=&#8221;vc_col-lg-4 vc_col-md-4&#8243; css=&#8221;.vc_custom_1449207085340{margin-bottom: 30px !important;}&#8221;][vc_column_text]<\/p>\n<h2>WE LISTEN TO YOU<\/h2>\n<p>In addition to contacting us, we can offer you a space to make a quick quotation and you can also access our job board, where we will be uploading the latest news on the subject.[\/vc_column_text][vc_btn title=&#8221;QUICK QUOTE&#8221; style=&#8221;outline&#8221; shape=&#8221;round&#8221; color=&#8221;theme_style_1&#8243; i_icon_fontawesome=&#8221;fas fa-file-invoice-dollar&#8221; add_icon=&#8221;true&#8221; el_class=&#8221;sg-popup-id-1982&#8243;][vc_btn title=&#8221;WORK WITH US&#8221; style=&#8221;outline&#8221; shape=&#8221;round&#8221; color=&#8221;theme_style_1&#8243; i_icon_fontawesome=&#8221;fas fa-briefcase&#8221; add_icon=&#8221;true&#8221; el_class=&#8221;trabaja-nosotros&#8221; link=&#8221;url:%2Fen%2Fvacancies%2F|title:Vacancies&#8221;][vc_row_inner][vc_column_inner][vc_custom_heading text=&#8221;CALL US&#8221; font_container=&#8221;tag:h2|text_align:left|color:%2334ccff&#8221; use_theme_fonts=&#8221;yes&#8221;][vc_column_text]<\/p>\n<p class=\"h3-llama\">BARCELONA (HEADQUARTERS)<\/p>\n<p>[\/vc_column_text][\/vc_column_inner][\/vc_row_inner][vc_row_inner][vc_column_inner width=&#8221;1\/5&#8243; offset=&#8221;vc_col-xs-1\/5&#8243;][vc_icon icon_fontawesome=&#8221;stm-phone&#8221; color=&#8221;custom&#8221; custom_color=&#8221;#34ccff&#8221;][\/vc_column_inner][vc_column_inner width=&#8221;4\/5&#8243; css=&#8221;.vc_custom_1637100937968{padding-top: 18px !important;}&#8221;][vc_column_text]<a class=\"tel-cta\" style=\"font-size: 40px;\" href=\"tel:932 721 624\">932 721 624<\/a>[\/vc_column_text][\/vc_column_inner][\/vc_row_inner][vc_row_inner][vc_column_inner][vc_column_text]<\/p>\n<p class=\"h3-llama\">VALENCIA<\/p>\n<p>[\/vc_column_text][\/vc_column_inner][\/vc_row_inner][vc_row_inner][vc_column_inner width=&#8221;1\/5&#8243; offset=&#8221;vc_col-xs-1\/5&#8243;][vc_icon icon_fontawesome=&#8221;stm-phone&#8221; color=&#8221;custom&#8221; custom_color=&#8221;#34ccff&#8221;][\/vc_column_inner][vc_column_inner width=&#8221;4\/5&#8243; css=&#8221;.vc_custom_1637100944978{padding-top: 18px !important;}&#8221;][vc_column_text]<a class=\"tel-cta\" style=\"font-size: 40px;\" href=\"tel:963 125 060\">963 125 060<\/a>[\/vc_column_text][\/vc_column_inner][\/vc_row_inner][vc_row_inner][vc_column_inner][vc_column_text]<\/p>\n<p class=\"h3-llama\">ALGECIRAS<\/p>\n<p>[\/vc_column_text][\/vc_column_inner][\/vc_row_inner][vc_row_inner][vc_column_inner width=&#8221;1\/5&#8243; offset=&#8221;vc_col-xs-1\/5&#8243;][vc_icon icon_fontawesome=&#8221;stm-phone&#8221; color=&#8221;custom&#8221; custom_color=&#8221;#34ccff&#8221;][\/vc_column_inner][vc_column_inner width=&#8221;4\/5&#8243; css=&#8221;.vc_custom_1637100944978{padding-top: 18px !important;}&#8221;][vc_column_text]<a class=\"tel-cta\" style=\"font-size: 40px;\" href=\"tel:856 044 031\">856 044 031<\/a>[\/vc_column_text][\/vc_column_inner][\/vc_row_inner][\/vc_column][vc_column offset=&#8221;vc_col-lg-8 vc_col-md-8&#8243; css=&#8221;.vc_custom_1636920949555{margin-bottom: 0px !important;background-color: #183650 !important;}&#8221;][vc_column_text]<\/p>\n<h2><span style=\"color: #ffffff;\">CONTACT WITH US<\/span><\/h2>\n<p>[\/vc_column_text]\n<div class=\"wpcf7 no-js\" id=\"wpcf7-f1917-o1\" lang=\"en-US\" dir=\"ltr\">\n<div class=\"screen-reader-response\"><p role=\"status\" aria-live=\"polite\" aria-atomic=\"true\"><\/p> <ul><\/ul><\/div>\n<form action=\"\/en\/wp-json\/wp\/v2\/pages\/1945#wpcf7-f1917-o1\" method=\"post\" class=\"wpcf7-form init\" aria-label=\"Contact form\" novalidate=\"novalidate\" data-status=\"init\">\n<div style=\"display: none;\">\n<input type=\"hidden\" name=\"_wpcf7\" value=\"1917\" \/>\n<input type=\"hidden\" name=\"_wpcf7_version\" value=\"5.7.6\" \/>\n<input type=\"hidden\" name=\"_wpcf7_locale\" value=\"en_US\" \/>\n<input type=\"hidden\" name=\"_wpcf7_unit_tag\" value=\"wpcf7-f1917-o1\" \/>\n<input type=\"hidden\" name=\"_wpcf7_container_post\" value=\"0\" \/>\n<input type=\"hidden\" name=\"_wpcf7_posted_data_hash\" value=\"\" \/>\n<input type=\"hidden\" name=\"_wpcf7_recaptcha_response\" value=\"\" \/>\n<\/div>\n<p><label><span class=\"label-form\"> Company data*<\/span><br \/>\n<span class=\"wpcf7-form-control-wrap\" data-name=\"company-name\"><input size=\"40\" class=\"wpcf7-form-control wpcf7-text wpcf7-validates-as-required\" aria-required=\"true\" aria-invalid=\"false\" value=\"\" type=\"text\" name=\"company-name\" \/><\/span> <\/label><br \/>\n<label><span class=\"label-form\"> Contact person*<\/span><br \/>\n<span class=\"wpcf7-form-control-wrap\" data-name=\"contact-name\"><input size=\"40\" class=\"wpcf7-form-control wpcf7-text wpcf7-validates-as-required\" aria-required=\"true\" aria-invalid=\"false\" value=\"\" type=\"text\" name=\"contact-name\" \/><\/span> <\/label><br \/>\n<label><span class=\"label-form\"> Telephone contact*<\/span><br \/>\n<span class=\"wpcf7-form-control-wrap\" data-name=\"contact-phone\"><input size=\"40\" class=\"wpcf7-form-control wpcf7-text wpcf7-tel wpcf7-validates-as-required wpcf7-validates-as-tel\" aria-required=\"true\" aria-invalid=\"false\" value=\"\" type=\"tel\" name=\"contact-phone\" \/><\/span> <\/label><br \/>\n<label><span class=\"label-form\"> Email*<\/span><br \/>\n<span class=\"wpcf7-form-control-wrap\" data-name=\"company-email\"><input size=\"40\" class=\"wpcf7-form-control wpcf7-text wpcf7-email wpcf7-validates-as-required wpcf7-validates-as-email\" aria-required=\"true\" aria-invalid=\"false\" value=\"\" type=\"email\" name=\"company-email\" \/><\/span> <\/label><br \/>\n<label><span class=\"label-form\"> Subject*<\/span><br \/>\n<span class=\"wpcf7-form-control-wrap\" data-name=\"your-subject\"><input size=\"40\" class=\"wpcf7-form-control wpcf7-text wpcf7-validates-as-required\" aria-required=\"true\" aria-invalid=\"false\" value=\"\" type=\"text\" name=\"your-subject\" \/><\/span> <\/label><br \/>\n<label><span class=\"label-form\"> Message (optional)<\/span><br \/>\n<span class=\"wpcf7-form-control-wrap\" data-name=\"your-message\"><textarea cols=\"40\" rows=\"10\" class=\"wpcf7-form-control wpcf7-textarea\" aria-invalid=\"false\" name=\"your-message\"><\/textarea><\/span> <\/label>\n<\/p>\n<p><span class=\"wpcf7-form-control-wrap\" data-name=\"acceptance-410\"><span class=\"wpcf7-form-control wpcf7-acceptance\"><span class=\"wpcf7-list-item\"><label><input type=\"checkbox\" name=\"acceptance-410\" value=\"1\" aria-invalid=\"false\" \/><span class=\"wpcf7-list-item-label\">I accept the conditions for the treatment of my data and the subsequent contact.<\/span><\/label><\/span><\/span><\/span>\n<\/p>\n<p><input class=\"wpcf7-form-control has-spinner wpcf7-submit\" type=\"submit\" value=\"Send\" \/>\n<\/p>\n<p class=\"conditions\">**Responsible for the file: Newport Logistic. Purpose: Contact with the person who provides the data. Legitimation: consent. Recipients: The data will not be communicated to third parties. Rights: access, rectify and delete the data, as well as other rights, as explained in the additional information. You can consult additional and detailed information in our <a href=\"\/en\/privacy-policy\/\" rel=\"nofollow\"> Privacy Policy <\/a>\n<\/p><div class=\"wpcf7-response-output\" aria-hidden=\"true\"><\/div>\n<\/form>\n<\/div>\n[\/vc_column][\/vc_row][vc_row full_width=&#8221;stretch_row_content_no_spaces&#8221; css=&#8221;.vc_custom_1636920867137{margin-bottom: 0px !important;}&#8221;][vc_column][stm_gmap map_zoom=&#8221;10&#8243; disable_mouse_whell=&#8221;disable&#8221; marker=&#8221;1353&#8243;][stm_gmap_address title=&#8221;NEWPORT LOGISTIC BARCELONA (HEADQUARTERS)&#8221; address=&#8221;Avinguda N\u00famero 3, 26. 08040 Parque Log\u00edstico, Barcelona&#8221; phone=&#8221;932 721 624&#8243; email=&#8221;barcelona@newportlogistic.com&#8221; lat=&#8221;41.340660&#8243; lng=&#8221;2.125170&#8243;][stm_gmap_address title=&#8221;NEWPORT LOGISTIC VALENCIA&#8221; address=&#8221;C\/Padre Tomas de Monta\u00f1ana 22 1C, 46023, VALENCIA&#8221; phone=&#8221;963 125 060&#8243; email=&#8221;valencia@newportlogistic.com&#8221; lat=&#8221;39.463640&#8243; lng=&#8221;-0.352240&#8243;][stm_gmap_address title=&#8221;NEWPORT LOGISTIC MADRID&#8221; address=&#8221;Madrid, Spain&#8221; phone=&#8221;674 814 480&#8243; email=&#8221;madrid@newportlogistic.com&#8221; lat=&#8221;40.416775&#8243; lng=&#8221;-3.703790&#8243;][stm_gmap_address title=&#8221;NEWPORT LOGISTIC ALGECIRAS&#8221; address=&#8221;Algeciras, Espa\u00f1a&#8221; phone=&#8221;674 814 480&#8243; email=&#8221;algeciras@newportlogistic.com&#8221; lat=&#8221;36.129820&#8243; lng=&#8221;-5.447760&#8243;][\/stm_gmap][\/vc_column][\/vc_row]<\/p>\n<\/section>","protected":false},"excerpt":{"rendered":"<p>[vc_row full_width=&#8221;stretch_row&#8221; equal_height=&#8221;yes&#8221; css=&#8221;.vc_custom_1636920880440{margin-bottom: 0px !important;padding-top: 20px !important;}&#8221;][vc_column offset=&#8221;vc_col-lg-4 vc_col-md-4&#8243; css=&#8221;.vc_custom_1449207085340{margin-bottom: 30px !important;}&#8221;][vc_column_text] WE LISTEN TO YOU In addition to contacting us, we can offer you a space to make a quick quotation&#8230;<\/p>\n","protected":false},"author":1,"featured_media":0,"parent":0,"menu_order":0,"comment_status":"closed","ping_status":"closed","template":"","meta":{"content-type":"","footnotes":""},"class_list":["post-1945","page","type-page","status-publish","hentry"],"yoast_head":"<!-- This site is optimized with the Yoast SEO plugin v20.6 - https:\/\/yoast.com\/wordpress\/plugins\/seo\/ -->\n<title>Contact - Newport Logistic<\/title>\n<meta name=\"description\" content=\"In addition to contacting us, we can offer you a space to make a quick quotation.\" \/>\n<meta name=\"robots\" content=\"noindex, follow, max-snippet:-1, max-image-preview:large, max-video-preview:-1\" \/>\n<meta property=\"og:locale\" content=\"en_US\" \/>\n<meta property=\"og:type\" content=\"article\" \/>\n<meta property=\"og:title\" content=\"Contact\" \/>\n<meta property=\"og:description\" content=\"Adem\u00e1s de contactar con nosotros, podemos ofrecerte un espacio para realizar una cotizaci\u00f3n de manera r\u00e1pida y tambi\u00e9n podr\u00e1s acceder a nuestra bolsa de trabajo, en la cual iremos subiendo las \u00faltimas noticias al respecto.In addition to contacting us, we can offer you a space to make a quick quotation\" \/>\n<meta property=\"og:url\" content=\"https:\/\/pre.newportlogistic.es\/en\/contact\/\" \/>\n<meta property=\"og:site_name\" content=\"Newport Logistic\" \/>\n<meta property=\"article:modified_time\" content=\"2023-01-18T20:40:56+00:00\" \/>\n<meta property=\"og:image\" content=\"https:\/\/pre.newportlogistic.es\/wp-content\/uploads\/2021\/11\/logo-newport-logistic-blanco.jpg\" \/>\n\t<meta property=\"og:image:width\" content=\"1000\" \/>\n\t<meta property=\"og:image:height\" content=\"400\" \/>\n\t<meta property=\"og:image:type\" content=\"image\/jpeg\" \/>\n<meta name=\"twitter:card\" content=\"summary_large_image\" \/>\n<meta name=\"twitter:title\" content=\"Contact\" \/>\n<meta name=\"twitter:description\" content=\"In addition to contacting us, we can offer you a space to make a quick quotation\" \/>\n<meta name=\"twitter:image\" content=\"https:\/\/pre.newportlogistic.es\/wp-content\/uploads\/2021\/11\/logo-newport-logistic-blanco.jpg\" \/>\n<meta name=\"twitter:label1\" content=\"Est. reading time\" \/>\n\t<meta name=\"twitter:data1\" content=\"1 minute\" \/>\n<script type=\"application\/ld+json\" class=\"yoast-schema-graph\">{\"@context\":\"https:\/\/schema.org\",\"@graph\":[{\"@type\":\"WebPage\",\"@id\":\"https:\/\/pre.newportlogistic.es\/en\/contact\/\",\"url\":\"https:\/\/pre.newportlogistic.es\/en\/contact\/\",\"name\":\"Contact - Newport Logistic\",\"isPartOf\":{\"@id\":\"https:\/\/pre.newportlogistic.es\/en\/#website\"},\"datePublished\":\"2015-11-17T05:09:58+00:00\",\"dateModified\":\"2023-01-18T20:40:56+00:00\",\"description\":\"In addition to contacting us, we can offer you a space to make a quick quotation.\",\"breadcrumb\":{\"@id\":\"https:\/\/pre.newportlogistic.es\/en\/contact\/#breadcrumb\"},\"inLanguage\":\"en-US\",\"potentialAction\":[{\"@type\":\"ReadAction\",\"target\":[\"https:\/\/pre.newportlogistic.es\/en\/contact\/\"]}]},{\"@type\":\"BreadcrumbList\",\"@id\":\"https:\/\/pre.newportlogistic.es\/en\/contact\/#breadcrumb\",\"itemListElement\":[{\"@type\":\"ListItem\",\"position\":1,\"name\":\"Portada\",\"item\":\"https:\/\/pre.newportlogistic.es\/en\/\"},{\"@type\":\"ListItem\",\"position\":2,\"name\":\"Contact\"}]},{\"@type\":\"WebSite\",\"@id\":\"https:\/\/pre.newportlogistic.es\/en\/#website\",\"url\":\"https:\/\/pre.newportlogistic.es\/en\/\",\"name\":\"Newport Logistic\",\"description\":\"Operador de transporte\",\"publisher\":{\"@id\":\"https:\/\/pre.newportlogistic.es\/en\/#organization\"},\"potentialAction\":[{\"@type\":\"SearchAction\",\"target\":{\"@type\":\"EntryPoint\",\"urlTemplate\":\"https:\/\/pre.newportlogistic.es\/en\/?s={search_term_string}\"},\"query-input\":\"required name=search_term_string\"}],\"inLanguage\":\"en-US\"},{\"@type\":\"Organization\",\"@id\":\"https:\/\/pre.newportlogistic.es\/en\/#organization\",\"name\":\"Newport Logistic - operador de transporte\",\"url\":\"https:\/\/pre.newportlogistic.es\/en\/\",\"logo\":{\"@type\":\"ImageObject\",\"inLanguage\":\"en-US\",\"@id\":\"https:\/\/pre.newportlogistic.es\/en\/#\/schema\/logo\/image\/\",\"url\":\"https:\/\/newportlogistic.es\/wp-content\/uploads\/2021\/11\/logo-newport-logistic-blanco.jpg\",\"contentUrl\":\"https:\/\/newportlogistic.es\/wp-content\/uploads\/2021\/11\/logo-newport-logistic-blanco.jpg\",\"width\":1000,\"height\":400,\"caption\":\"Newport Logistic - operador de transporte\"},\"image\":{\"@id\":\"https:\/\/pre.newportlogistic.es\/en\/#\/schema\/logo\/image\/\"}}]}<\/script>\n<!-- \/ Yoast SEO plugin. -->","yoast_head_json":{"title":"Contact - Newport Logistic","description":"In addition to contacting us, we can offer you a space to make a quick quotation.","robots":{"index":"noindex","follow":"follow","max-snippet":"max-snippet:-1","max-image-preview":"max-image-preview:large","max-video-preview":"max-video-preview:-1"},"og_locale":"en_US","og_type":"article","og_title":"Contact","og_description":"Adem\u00e1s de contactar con nosotros, podemos ofrecerte un espacio para realizar una cotizaci\u00f3n de manera r\u00e1pida y tambi\u00e9n podr\u00e1s acceder a nuestra bolsa de trabajo, en la cual iremos subiendo las \u00faltimas noticias al respecto.In addition to contacting us, we can offer you a space to make a quick quotation","og_url":"https:\/\/pre.newportlogistic.es\/en\/contact\/","og_site_name":"Newport Logistic","article_modified_time":"2023-01-18T20:40:56+00:00","og_image":[{"width":1000,"height":400,"url":"https:\/\/pre.newportlogistic.es\/wp-content\/uploads\/2021\/11\/logo-newport-logistic-blanco.jpg","type":"image\/jpeg"}],"twitter_card":"summary_large_image","twitter_title":"Contact","twitter_description":"In addition to contacting us, we can offer you a space to make a quick quotation","twitter_image":"https:\/\/pre.newportlogistic.es\/wp-content\/uploads\/2021\/11\/logo-newport-logistic-blanco.jpg","twitter_misc":{"Est. reading time":"1 minute"},"schema":{"@context":"https:\/\/schema.org","@graph":[{"@type":"WebPage","@id":"https:\/\/pre.newportlogistic.es\/en\/contact\/","url":"https:\/\/pre.newportlogistic.es\/en\/contact\/","name":"Contact - Newport Logistic","isPartOf":{"@id":"https:\/\/pre.newportlogistic.es\/en\/#website"},"datePublished":"2015-11-17T05:09:58+00:00","dateModified":"2023-01-18T20:40:56+00:00","description":"In addition to contacting us, we can offer you a space to make a quick quotation.","breadcrumb":{"@id":"https:\/\/pre.newportlogistic.es\/en\/contact\/#breadcrumb"},"inLanguage":"en-US","potentialAction":[{"@type":"ReadAction","target":["https:\/\/pre.newportlogistic.es\/en\/contact\/"]}]},{"@type":"BreadcrumbList","@id":"https:\/\/pre.newportlogistic.es\/en\/contact\/#breadcrumb","itemListElement":[{"@type":"ListItem","position":1,"name":"Portada","item":"https:\/\/pre.newportlogistic.es\/en\/"},{"@type":"ListItem","position":2,"name":"Contact"}]},{"@type":"WebSite","@id":"https:\/\/pre.newportlogistic.es\/en\/#website","url":"https:\/\/pre.newportlogistic.es\/en\/","name":"Newport Logistic","description":"Operador de transporte","publisher":{"@id":"https:\/\/pre.newportlogistic.es\/en\/#organization"},"potentialAction":[{"@type":"SearchAction","target":{"@type":"EntryPoint","urlTemplate":"https:\/\/pre.newportlogistic.es\/en\/?s={search_term_string}"},"query-input":"required name=search_term_string"}],"inLanguage":"en-US"},{"@type":"Organization","@id":"https:\/\/pre.newportlogistic.es\/en\/#organization","name":"Newport Logistic - operador de transporte","url":"https:\/\/pre.newportlogistic.es\/en\/","logo":{"@type":"ImageObject","inLanguage":"en-US","@id":"https:\/\/pre.newportlogistic.es\/en\/#\/schema\/logo\/image\/","url":"https:\/\/newportlogistic.es\/wp-content\/uploads\/2021\/11\/logo-newport-logistic-blanco.jpg","contentUrl":"https:\/\/newportlogistic.es\/wp-content\/uploads\/2021\/11\/logo-newport-logistic-blanco.jpg","width":1000,"height":400,"caption":"Newport Logistic - operador de transporte"},"image":{"@id":"https:\/\/pre.newportlogistic.es\/en\/#\/schema\/logo\/image\/"}}]}},"_links":{"self":[{"href":"https:\/\/pre.newportlogistic.es\/en\/wp-json\/wp\/v2\/pages\/1945","targetHints":{"allow":["GET"]}}],"collection":[{"href":"https:\/\/pre.newportlogistic.es\/en\/wp-json\/wp\/v2\/pages"}],"about":[{"href":"https:\/\/pre.newportlogistic.es\/en\/wp-json\/wp\/v2\/types\/page"}],"author":[{"embeddable":true,"href":"https:\/\/pre.newportlogistic.es\/en\/wp-json\/wp\/v2\/users\/1"}],"replies":[{"embeddable":true,"href":"https:\/\/pre.newportlogistic.es\/en\/wp-json\/wp\/v2\/comments?post=1945"}],"version-history":[{"count":7,"href":"https:\/\/pre.newportlogistic.es\/en\/wp-json\/wp\/v2\/pages\/1945\/revisions"}],"predecessor-version":[{"id":2098,"href":"https:\/\/pre.newportlogistic.es\/en\/wp-json\/wp\/v2\/pages\/1945\/revisions\/2098"}],"wp:attachment":[{"href":"https:\/\/pre.newportlogistic.es\/en\/wp-json\/wp\/v2\/media?parent=1945"}],"curies":[{"name":"wp","href":"https:\/\/api.w.org\/{rel}","templated":true}]}}